{"id":102,"date":"2024-02-19T12:31:08","date_gmt":"2024-02-19T12:31:08","guid":{"rendered":"https:\/\/dev.codyss.com.br\/novoasp\/?page_id=102"},"modified":"2026-03-09T20:09:36","modified_gmt":"2026-03-09T20:09:36","slug":"festas","status":"publish","type":"page","link":"https:\/\/aquariodesp.com.br\/site\/contato\/festas\/","title":{"rendered":"Aqua Kids Buffet"},"content":{"rendered":"<p>Comemore seu anivers\u00e1rio no Aqu\u00e1rio de S\u00e3o Paulo mergulhando em um universo de fortes emo\u00e7\u00f5es no fundo do mar, e transforme sua festa em uma experi\u00eancia \u00fanica<\/p>\n<p>S\u00e3o mais de 3000 exemplares de 300 esp\u00e9cies diferentes, entre elas animais aqu\u00e1ticos, terrestres, anf\u00edbios, mam\u00edferos e aves.<\/p>\n<p>Al\u00e9m do passeio incr\u00edvel pelo complexo, voc\u00ea poder\u00e1 receber seus convidados no espa\u00e7o Aquakids, um lindo e aconchegante ambiente tem\u00e1tico, e se divertir ainda mais!<\/p>\n<h2>Contato<\/h2>\n<div style=\"display: flex; flex-direction: row; flex-wrap: nowrap;\">\n<div><\/div>\n<div>\n<p>&#8211; Telefone Fixo:\u00a0<strong>(11) 2273-5500 &#8211; Op\u00e7\u00e3o 9<\/strong><\/p>\n<p>&#8211; Whatsapp \/ Celular:\u00a0<strong>(11) 99192-7808<\/strong><\/p>\n<p>&#8211; E-mail:\u00a0<strong>festas@aquariodesaopaulo.com.br<\/strong><\/p>\n<\/div>\n<\/div>\n<p><strong>Atendimento de segunda a sexta-feira em hor\u00e1rio comercial.<\/strong><\/p>\n","protected":false},"excerpt":{"rendered":"<p>Comemore seu anivers\u00e1rio no Aqu\u00e1rio de S\u00e3o Paulo mergulhando em um universo de fortes emo\u00e7\u00f5es no fundo do mar, e transforme sua festa em uma experi\u00eancia \u00fanica S\u00e3o mais de 3000 exemplares de 300 esp\u00e9cies diferentes, entre elas animais aqu\u00e1ticos, terrestres, anf\u00edbios, mam\u00edferos e aves. Al\u00e9m do passeio incr\u00edvel pelo complexo, voc\u00ea poder\u00e1 receber seus <a href=\"https:\/\/aquariodesp.com.br\/site\/contato\/festas\/\" class=\"more-link\">&#8230;<span class=\"screen-reader-text\">  Aqua Kids Buffet<\/span><\/a><\/p>\n","protected":false},"author":1,"featured_media":0,"parent":108,"menu_order":0,"comment_status":"closed","ping_status":"closed","template":"page-festas.php","meta":{"_acf_changed":false,"footnotes":""},"class_list":["post-102","page","type-page","status-publish","hentry"],"acf":[],"_links":{"self":[{"href":"https:\/\/aquariodesp.com.br\/site\/wp-json\/wp\/v2\/pages\/102","targetHints":{"allow":["GET"]}}],"collection":[{"href":"https:\/\/aquariodesp.com.br\/site\/wp-json\/wp\/v2\/pages"}],"about":[{"href":"https:\/\/aquariodesp.com.br\/site\/wp-json\/wp\/v2\/types\/page"}],"author":[{"embeddable":true,"href":"https:\/\/aquariodesp.com.br\/site\/wp-json\/wp\/v2\/users\/1"}],"replies":[{"embeddable":true,"href":"https:\/\/aquariodesp.com.br\/site\/wp-json\/wp\/v2\/comments?post=102"}],"version-history":[{"count":27,"href":"https:\/\/aquariodesp.com.br\/site\/wp-json\/wp\/v2\/pages\/102\/revisions"}],"predecessor-version":[{"id":3724,"href":"https:\/\/aquariodesp.com.br\/site\/wp-json\/wp\/v2\/pages\/102\/revisions\/3724"}],"up":[{"embeddable":true,"href":"https:\/\/aquariodesp.com.br\/site\/wp-json\/wp\/v2\/pages\/108"}],"wp:attachment":[{"href":"https:\/\/aquariodesp.com.br\/site\/wp-json\/wp\/v2\/media?parent=102"}],"curies":[{"name":"wp","href":"https:\/\/api.w.org\/{rel}","templated":true}]}}