{"id":106,"date":"2024-02-19T12:31:30","date_gmt":"2024-02-19T12:31:30","guid":{"rendered":"https:\/\/dev.codyss.com.br\/novoasp\/?page_id=106"},"modified":"2025-02-08T19:43:21","modified_gmt":"2025-02-08T19:43:21","slug":"imprensa","status":"publish","type":"page","link":"https:\/\/aquariodesp.com.br\/site\/imprensa\/","title":{"rendered":"Contato Imprensa"},"content":{"rendered":"<div style=\"display: flex; flex-direction: row; flex-wrap: nowrap;\">Caro jornalista, para saber as novidades do Aqu\u00e1rio de S\u00e3o Paulo e gravar conte\u00fado para o seu programa,<br \/>\nentre em contato com a nossa assessoria de imprensa.<\/div>\n<div><\/div>\n<div style=\"display: flex; flex-direction: row; flex-wrap: nowrap;\">Ser\u00e1 um prazer atend\u00ea-los!<\/div>\n<p>&nbsp;<\/p>\n<h2>CONTATO-NOS:<\/h2>\n<div style=\"display: flex; flex-direction: row; flex-wrap: nowrap;\">\n<p>\u2022 Fone: (11) 97621-4244 &#8211; Wagner Belmonte<br \/>\n\u2022 Fone: (11) 96404-1484 &#8211; Beatriz Lucas<br \/>\n\u2022 Fone: (11) 95344-6717 &#8211; Thain\u00e1 Santos<br \/>\n\u2022 E-mail: imprensa@aquariodesaopaulo.com.br<\/p>\n<\/div>\n","protected":false},"excerpt":{"rendered":"<p>Caro jornalista, para saber as novidades do Aqu\u00e1rio de S\u00e3o Paulo e gravar conte\u00fado para o seu programa, entre em contato com a nossa assessoria de imprensa. Ser\u00e1 um prazer atend\u00ea-los! &nbsp; CONTATO-NOS: \u2022 Fone: (11) 97621-4244 &#8211; Wagner Belmonte \u2022 Fone: (11) 96404-1484 &#8211; Beatriz Lucas \u2022 Fone: (11) 95344-6717 &#8211; Thain\u00e1 Santos \u2022 <a href=\"https:\/\/aquariodesp.com.br\/site\/imprensa\/\" class=\"more-link\">&#8230;<span class=\"screen-reader-text\">  Contato Imprensa<\/span><\/a><\/p>\n","protected":false},"author":1,"featured_media":0,"parent":0,"menu_order":0,"comment_status":"closed","ping_status":"closed","template":"page-imprensa.php","meta":{"_acf_changed":false,"footnotes":""},"class_list":["post-106","page","type-page","status-publish","hentry"],"acf":[],"_links":{"self":[{"href":"https:\/\/aquariodesp.com.br\/site\/wp-json\/wp\/v2\/pages\/106","targetHints":{"allow":["GET"]}}],"collection":[{"href":"https:\/\/aquariodesp.com.br\/site\/wp-json\/wp\/v2\/pages"}],"about":[{"href":"https:\/\/aquariodesp.com.br\/site\/wp-json\/wp\/v2\/types\/page"}],"author":[{"embeddable":true,"href":"https:\/\/aquariodesp.com.br\/site\/wp-json\/wp\/v2\/users\/1"}],"replies":[{"embeddable":true,"href":"https:\/\/aquariodesp.com.br\/site\/wp-json\/wp\/v2\/comments?post=106"}],"version-history":[{"count":18,"href":"https:\/\/aquariodesp.com.br\/site\/wp-json\/wp\/v2\/pages\/106\/revisions"}],"predecessor-version":[{"id":3059,"href":"https:\/\/aquariodesp.com.br\/site\/wp-json\/wp\/v2\/pages\/106\/revisions\/3059"}],"wp:attachment":[{"href":"https:\/\/aquariodesp.com.br\/site\/wp-json\/wp\/v2\/media?parent=106"}],"curies":[{"name":"wp","href":"https:\/\/api.w.org\/{rel}","templated":true}]}}