{"id":353,"date":"2024-04-23T15:12:25","date_gmt":"2024-04-23T15:12:25","guid":{"rendered":"https:\/\/dev.codyss.com.br\/novoasp\/?page_id=353"},"modified":"2026-02-11T17:49:04","modified_gmt":"2026-02-11T17:49:04","slug":"mamiferos-2","status":"publish","type":"page","link":"https:\/\/aquariodesp.com.br\/site\/animais-2\/mamiferos-2\/","title":{"rendered":"Mam\u00edferos"},"content":{"rendered":"<p>Os mam\u00edferos s\u00e3o animais que, entre outras caracter\u00edsticas, destacam-se pela presen\u00e7a de pelos em seu corpo e pela capacidade de produzir leite para alimentar seus filhotes. Atualmente, s\u00e3o conhecidas mais de 5.300 esp\u00e9cies, dentre as quais se inclui a esp\u00e9cie humana. Essas esp\u00e9cies s\u00e3o bastantes distintas entre si, sendo poss\u00edvel encontrar, por exemplo, esp\u00e9cies terrestres e aqu\u00e1ticas.<\/p>\n<p>Aqui no Aqu\u00e1rio de S\u00e3o Paulo \u00e9 poss\u00edvel encontrara uma\u00a0 grande diversidade desses animais incr\u00edveis, e aprender sobre sua biologia e import\u00e2ncia.<\/p>\n","protected":false},"excerpt":{"rendered":"<p>Os mam\u00edferos s\u00e3o animais que, entre outras caracter\u00edsticas, destacam-se pela presen\u00e7a de pelos em seu corpo e pela capacidade de produzir leite para alimentar seus filhotes. Atualmente, s\u00e3o conhecidas mais de 5.300 esp\u00e9cies, dentre as quais se inclui a esp\u00e9cie humana. Essas esp\u00e9cies s\u00e3o bastantes distintas entre si, sendo poss\u00edvel encontrar, por exemplo, esp\u00e9cies terrestres <a href=\"https:\/\/aquariodesp.com.br\/site\/animais-2\/mamiferos-2\/\" class=\"more-link\">&#8230;<span class=\"screen-reader-text\">  Mam\u00edferos<\/span><\/a><\/p>\n","protected":false},"author":1,"featured_media":0,"parent":92,"menu_order":0,"comment_status":"closed","ping_status":"closed","template":"page-animal.php","meta":{"_acf_changed":false,"footnotes":""},"class_list":["post-353","page","type-page","status-publish","hentry"],"acf":[],"_links":{"self":[{"href":"https:\/\/aquariodesp.com.br\/site\/wp-json\/wp\/v2\/pages\/353","targetHints":{"allow":["GET"]}}],"collection":[{"href":"https:\/\/aquariodesp.com.br\/site\/wp-json\/wp\/v2\/pages"}],"about":[{"href":"https:\/\/aquariodesp.com.br\/site\/wp-json\/wp\/v2\/types\/page"}],"author":[{"embeddable":true,"href":"https:\/\/aquariodesp.com.br\/site\/wp-json\/wp\/v2\/users\/1"}],"replies":[{"embeddable":true,"href":"https:\/\/aquariodesp.com.br\/site\/wp-json\/wp\/v2\/comments?post=353"}],"version-history":[{"count":11,"href":"https:\/\/aquariodesp.com.br\/site\/wp-json\/wp\/v2\/pages\/353\/revisions"}],"predecessor-version":[{"id":3638,"href":"https:\/\/aquariodesp.com.br\/site\/wp-json\/wp\/v2\/pages\/353\/revisions\/3638"}],"up":[{"embeddable":true,"href":"https:\/\/aquariodesp.com.br\/site\/wp-json\/wp\/v2\/pages\/92"}],"wp:attachment":[{"href":"https:\/\/aquariodesp.com.br\/site\/wp-json\/wp\/v2\/media?parent=353"}],"curies":[{"name":"wp","href":"https:\/\/api.w.org\/{rel}","templated":true}]}}