{"id":3653,"date":"2026-02-20T17:41:14","date_gmt":"2026-02-20T17:41:14","guid":{"rendered":"https:\/\/aquariodesp.com.br\/site\/?page_id=3653"},"modified":"2026-02-24T15:00:52","modified_gmt":"2026-02-24T15:00:52","slug":"acoes-sustentaveis","status":"publish","type":"page","link":"https:\/\/aquariodesp.com.br\/site\/acoes-sustentaveis\/","title":{"rendered":"A\u00e7\u00f5es Sustent\u00e1veis"},"content":{"rendered":"<p><span data-contrast=\"auto\"><span dir=\"auto\" style=\"vertical-align: inherit;\"><span dir=\"auto\" style=\"vertical-align: inherit;\"><span dir=\"auto\" style=\"vertical-align: inherit;\"><span dir=\"auto\" style=\"vertical-align: inherit;\">Ser sustent\u00e1vel vai al\u00e9m de adotar pr\u00e1ticas pontuais: \u00e9 assumir um compromisso permanente com a redu\u00e7\u00e3o dos impactos ambientais por meio do uso consciente da \u00e1gua, da gest\u00e3o adequada de res\u00edduos, do consumo respons\u00e1vel e da incorpora\u00e7\u00e3o de tecnologias mais limpas e inovadoras. Envolver, ainda, planejamento estrat\u00e9gico de longo prazo, responsabilidade social e um posicionamento \u00e9tico voltado para a prote\u00e7\u00e3o das gera\u00e7\u00f5es futuras.<\/span><\/span><\/span><\/span><\/span><\/p>\n<p><span data-contrast=\"auto\"><span dir=\"auto\" style=\"vertical-align: inherit;\"><span dir=\"auto\" style=\"vertical-align: inherit;\"><span dir=\"auto\" style=\"vertical-align: inherit;\"><span dir=\"auto\" style=\"vertical-align: inherit;\">O Aqu\u00e1rio de S\u00e3o Paulo desenvolve suas atividades com foco em sustentabilidade ambiental, integrando a gest\u00e3o respons\u00e1vel de recursos naturais \u00e0s suas opera\u00e7\u00f5es e incentivando a participa\u00e7\u00e3o ativa do p\u00fablico. Al\u00e9m disso, os visitantes fazem parte desse compromisso, sendo estimulados, por meio de a\u00e7\u00f5es educativas e sinaliza\u00e7\u00f5es ambientais, a ado\u00e7\u00e3o de pr\u00e1ticas sustent\u00e1veis, como descarte correto de res\u00edduos, o consumo consciente e a valoriza\u00e7\u00e3o da conserva\u00e7\u00e3o da biodiversidade.<\/span><\/span><\/span><\/span><\/span><\/p>\n<p><span data-contrast=\"auto\"><span dir=\"auto\" style=\"vertical-align: inherit;\"><span dir=\"auto\" style=\"vertical-align: inherit;\"><span dir=\"auto\" style=\"vertical-align: inherit;\"><span dir=\"auto\" style=\"vertical-align: inherit;\">Assim, o Aqu\u00e1rio promove uma experi\u00eancia que envolve lazer, conscientiza\u00e7\u00e3o e responsabilidade ambiental compartilhada.<\/span><\/span><\/span><\/span><\/span><\/p>\n<p><strong><span dir=\"auto\" style=\"vertical-align: inherit;\"><span dir=\"auto\" style=\"vertical-align: inherit;\"><span dir=\"auto\" style=\"vertical-align: inherit;\"><span dir=\"auto\" style=\"vertical-align: inherit;\">COMPOSTAGEM\u00a0<\/span><\/span><\/span><\/span><\/strong><\/p>\n<p><span data-contrast=\"auto\"><span dir=\"auto\" style=\"vertical-align: inherit;\"><span dir=\"auto\" style=\"vertical-align: inherit;\"><span dir=\"auto\" style=\"vertical-align: inherit;\"><span dir=\"auto\" style=\"vertical-align: inherit;\">A mat\u00e9ria org\u00e2nica proveniente das \u00e1reas de manuten\u00e7\u00e3o animal \u00e9 destinada \u00e0 compostagem. O composto gerado \u00e9 reaproveitado como adubo em nossos jardins, \u00e1reas verdes, horta e iniciativas com a comunidade em torno da ASP, fechando o ciclo natural dos nutrientes sob responsabilidade de execu\u00e7\u00e3o da ONG Miss\u00e3o Ambiental.<\/span><\/span><\/span><\/span><\/span><\/p>\n<p><span dir=\"auto\" style=\"vertical-align: inherit;\"><strong><span dir=\"auto\" style=\"vertical-align: inherit;\"><span dir=\"auto\" style=\"vertical-align: inherit;\"><span dir=\"auto\" style=\"vertical-align: inherit;\">RECICLAGEM DE MATERIAIS<\/span><\/span><\/span><\/strong><\/span><strong>\u00a0<\/strong><\/p>\n<p><span data-contrast=\"auto\"><span dir=\"auto\" style=\"vertical-align: inherit;\"><span dir=\"auto\" style=\"vertical-align: inherit;\"><span dir=\"auto\" style=\"vertical-align: inherit;\"><span dir=\"auto\" style=\"vertical-align: inherit;\">Os res\u00edduos recicl\u00e1veis \u200b\u200bs\u00e3o retirados por cooperativas parceiras ou catadores independentes do bairro, garantindo o retorno desses materiais \u00e0 cadeia produtiva e incentivando a economia circular. Al\u00e9m do reaproveitamento no setor de bem-estar animal para a fabrica\u00e7\u00e3o de enriquecimentos ambientais e n\u00e3o departamento art\u00edstico.<\/span><\/span><\/span><\/span><\/span><\/p>\n<p><span data-contrast=\"auto\"><span dir=\"auto\" style=\"vertical-align: inherit;\"><span dir=\"auto\" style=\"vertical-align: inherit;\"><span dir=\"auto\" style=\"vertical-align: inherit;\"><span dir=\"auto\" style=\"vertical-align: inherit;\">Nas instala\u00e7\u00f5es dos escrit\u00f3rios da empresa os materiais recicl\u00e1veis \u200b\u200bs\u00e3o recolhidos pelo servi\u00e7o de coleta seletiva do bairro, duas vezes por semana.<\/span><\/span><\/span><\/span><\/span><\/p>\n<p><strong><span dir=\"auto\" style=\"vertical-align: inherit;\"><span dir=\"auto\" style=\"vertical-align: inherit;\"><span dir=\"auto\" style=\"vertical-align: inherit;\"><span dir=\"auto\" style=\"vertical-align: inherit;\">RECICLAGEM DE EMBALAGENS DE ISOPOR\u00a0<\/span><\/span><\/span><\/span><\/strong><\/p>\n<p><span data-contrast=\"auto\"><span dir=\"auto\" style=\"vertical-align: inherit;\"><span dir=\"auto\" style=\"vertical-align: inherit;\"><span dir=\"auto\" style=\"vertical-align: inherit;\"><span dir=\"auto\" style=\"vertical-align: inherit;\">Possu\u00edmos parceria com a empresa Meiwa embalagens, respons\u00e1vel pela coleta das embalagens de isopor, destinando-as \u00e0 empresa recicladora para a fabrica\u00e7\u00e3o de produtos: molduras, rodap\u00e9s, rodameios, rodatetos, pain\u00e9is, perfis decorativos para a constru\u00e7\u00e3o civil, entre outros, fechando o ciclo da economia circular.<\/span><\/span><\/span><\/span><\/span><\/p>\n<p><strong><span dir=\"auto\" style=\"vertical-align: inherit;\"><span dir=\"auto\" style=\"vertical-align: inherit;\"><span dir=\"auto\" style=\"vertical-align: inherit;\"><span dir=\"auto\" style=\"vertical-align: inherit;\">RECICLAGEM DE \u00d3LEO DE COZINHA\u00a0<\/span><\/span><\/span><\/span><\/strong><\/p>\n<p><span data-contrast=\"auto\"><span dir=\"auto\" style=\"vertical-align: inherit;\"><span dir=\"auto\" style=\"vertical-align: inherit;\"><span dir=\"auto\" style=\"vertical-align: inherit;\"><span dir=\"auto\" style=\"vertical-align: inherit;\">O \u00f3leo vegetal utilizado em nossas reservas \u00e9 armazenado e destinado \u00e0 reciclagem, evitando a contamina\u00e7\u00e3o de corpos d&#8217;\u00e1gua e promovendo sua transforma\u00e7\u00e3o em biocombust\u00edvel e produtos de limpeza.<\/span><\/span><\/span><\/span><\/span><\/p>\n<p><strong><span dir=\"auto\" style=\"vertical-align: inherit;\"><span dir=\"auto\" style=\"vertical-align: inherit;\"><span dir=\"auto\" style=\"vertical-align: inherit;\"><span dir=\"auto\" style=\"vertical-align: inherit;\">REUTILIZA\u00c7\u00c3O DA \u00c1GUA DA CHUVA\u00a0<\/span><\/span><\/span><\/span><\/strong><\/p>\n<p><span data-contrast=\"auto\"><span dir=\"auto\" style=\"vertical-align: inherit;\"><span dir=\"auto\" style=\"vertical-align: inherit;\"><span dir=\"auto\" style=\"vertical-align: inherit;\"><span dir=\"auto\" style=\"vertical-align: inherit;\">Implementamos sistemas de capta\u00e7\u00e3o e armazenamento de \u00e1gua da chuva para uso em controle, limpeza e manuten\u00e7\u00e3o predial e uso em descargas de vasos sanit\u00e1rios.<\/span><\/span><\/span><\/span><\/span><\/p>\n<p><strong><span dir=\"auto\" style=\"vertical-align: inherit;\"><span dir=\"auto\" style=\"vertical-align: inherit;\"><span dir=\"auto\" style=\"vertical-align: inherit;\"><span dir=\"auto\" style=\"vertical-align: inherit;\">REUTILIZA\u00c7\u00c3O DA \u00c1GUA DOS AQU\u00c1RIOS\u00a0<\/span><\/span><\/span><\/span><\/strong><\/p>\n<p><span data-contrast=\"auto\"><span dir=\"auto\" style=\"vertical-align: inherit;\"><span dir=\"auto\" style=\"vertical-align: inherit;\"><span dir=\"auto\" style=\"vertical-align: inherit;\"><span dir=\"auto\" style=\"vertical-align: inherit;\">A \u00e1gua proveniente dos aux\u00edlios marinhos \u00e9 reaproveitada em cascata, atendendo outros quatro recintos em linha, antes do descarte final, economizando 150m\u00b3 mensais.<\/span><\/span><\/span><\/span><\/span><span data-ccp-props=\"{}\">\u00a0<\/span><\/p>\n","protected":false},"excerpt":{"rendered":"<p>Ser sustent\u00e1vel vai al\u00e9m de adotar pr\u00e1ticas pontuais: \u00e9 assumir um compromisso permanente com a redu\u00e7\u00e3o dos impactos ambientais por meio do uso consciente da \u00e1gua, da gest\u00e3o adequada de res\u00edduos, do consumo respons\u00e1vel e da incorpora\u00e7\u00e3o de tecnologias mais limpas e inovadoras. Envolver, ainda, planejamento estrat\u00e9gico de longo prazo, responsabilidade social e um posicionamento <a href=\"https:\/\/aquariodesp.com.br\/site\/acoes-sustentaveis\/\" class=\"more-link\">&#8230;<span class=\"screen-reader-text\">  A\u00e7\u00f5es Sustent\u00e1veis<\/span><\/a><\/p>\n","protected":false},"author":6,"featured_media":0,"parent":0,"menu_order":0,"comment_status":"closed","ping_status":"closed","template":"page-conservacao.php","meta":{"_acf_changed":false,"footnotes":""},"class_list":["post-3653","page","type-page","status-publish","hentry"],"acf":[],"_links":{"self":[{"href":"https:\/\/aquariodesp.com.br\/site\/wp-json\/wp\/v2\/pages\/3653","targetHints":{"allow":["GET"]}}],"collection":[{"href":"https:\/\/aquariodesp.com.br\/site\/wp-json\/wp\/v2\/pages"}],"about":[{"href":"https:\/\/aquariodesp.com.br\/site\/wp-json\/wp\/v2\/types\/page"}],"author":[{"embeddable":true,"href":"https:\/\/aquariodesp.com.br\/site\/wp-json\/wp\/v2\/users\/6"}],"replies":[{"embeddable":true,"href":"https:\/\/aquariodesp.com.br\/site\/wp-json\/wp\/v2\/comments?post=3653"}],"version-history":[{"count":11,"href":"https:\/\/aquariodesp.com.br\/site\/wp-json\/wp\/v2\/pages\/3653\/revisions"}],"predecessor-version":[{"id":3671,"href":"https:\/\/aquariodesp.com.br\/site\/wp-json\/wp\/v2\/pages\/3653\/revisions\/3671"}],"wp:attachment":[{"href":"https:\/\/aquariodesp.com.br\/site\/wp-json\/wp\/v2\/media?parent=3653"}],"curies":[{"name":"wp","href":"https:\/\/api.w.org\/{rel}","templated":true}]}}