{"id":39,"date":"2024-02-19T11:54:52","date_gmt":"2024-02-19T11:54:52","guid":{"rendered":"https:\/\/dev.codyss.com.br\/novoasp\/?page_id=39"},"modified":"2025-01-29T23:51:12","modified_gmt":"2025-01-29T23:51:12","slug":"aquario-de-sp-contra-a-fome","status":"publish","type":"page","link":"https:\/\/aquariodesp.com.br\/site\/aquario-de-sp-contra-a-fome\/","title":{"rendered":"Aqu\u00e1rio de SP contra a fome!"},"content":{"rendered":"<p>No per\u00edodo de 24 a 30 de abril de 2021, foram arrecadadas 49 toneladas de alimentos numa iniciativa do Aqu\u00e1rio de S\u00e3o Paulo, revertida para a<br \/>\nONG Gerando Falc\u00f5es, para conter os efeitos sociais da pandemia.<\/p>\n<p>A campanha #Aqu\u00e1rioContraFome envolveu a troca de um ingresso por 2kg de alimentos n\u00e3o perec\u00edveis.<\/p>\n<p>A a\u00e7\u00e3o superou a melhor perspectiva tra\u00e7ada pela dire\u00e7\u00e3o e pelos funcion\u00e1rios envolvidos no desenvolvimento da campanha; ao menos 4 mil fam\u00edlias ser\u00e3o beneficiadas, na Vila Prudente, em Heli\u00f3polis, no Jardim Sinh\u00e1 (Sapopemba), no Graja\u00fa e em institui\u00e7\u00f5es como a Associa\u00e7\u00e3o Cruz<br \/>\nVerde e a Casa de David.<\/p>\n<p><strong><span style=\"color: #00467f;\">EMPRESAS PARTICIPANTES.<\/span><\/strong><\/p>\n<p>Agradecemos a todas as empresas que participaram com doa\u00e7\u00f5es para nossa campanha Aqu\u00e1rio Contra a Fome, que ajudar\u00e1 milhares de fam\u00edlias carentes.<\/p>\n","protected":false},"excerpt":{"rendered":"<p>No per\u00edodo de 24 a 30 de abril de 2021, foram arrecadadas 49 toneladas de alimentos numa iniciativa do Aqu\u00e1rio de S\u00e3o Paulo, revertida para a ONG Gerando Falc\u00f5es, para conter os efeitos sociais da pandemia. A campanha #Aqu\u00e1rioContraFome envolveu a troca de um ingresso por 2kg de alimentos n\u00e3o perec\u00edveis. A a\u00e7\u00e3o superou a <a href=\"https:\/\/aquariodesp.com.br\/site\/aquario-de-sp-contra-a-fome\/\" class=\"more-link\">&#8230;<span class=\"screen-reader-text\">  Aqu\u00e1rio de SP contra a fome!<\/span><\/a><\/p>\n","protected":false},"author":1,"featured_media":0,"parent":0,"menu_order":0,"comment_status":"closed","ping_status":"closed","template":"page-asp-cf.php","meta":{"_acf_changed":false,"footnotes":""},"class_list":["post-39","page","type-page","status-publish","hentry"],"acf":[],"_links":{"self":[{"href":"https:\/\/aquariodesp.com.br\/site\/wp-json\/wp\/v2\/pages\/39","targetHints":{"allow":["GET"]}}],"collection":[{"href":"https:\/\/aquariodesp.com.br\/site\/wp-json\/wp\/v2\/pages"}],"about":[{"href":"https:\/\/aquariodesp.com.br\/site\/wp-json\/wp\/v2\/types\/page"}],"author":[{"embeddable":true,"href":"https:\/\/aquariodesp.com.br\/site\/wp-json\/wp\/v2\/users\/1"}],"replies":[{"embeddable":true,"href":"https:\/\/aquariodesp.com.br\/site\/wp-json\/wp\/v2\/comments?post=39"}],"version-history":[{"count":7,"href":"https:\/\/aquariodesp.com.br\/site\/wp-json\/wp\/v2\/pages\/39\/revisions"}],"predecessor-version":[{"id":179,"href":"https:\/\/aquariodesp.com.br\/site\/wp-json\/wp\/v2\/pages\/39\/revisions\/179"}],"wp:attachment":[{"href":"https:\/\/aquariodesp.com.br\/site\/wp-json\/wp\/v2\/media?parent=39"}],"curies":[{"name":"wp","href":"https:\/\/api.w.org\/{rel}","templated":true}]}}