{"id":45,"date":"2024-02-19T11:55:19","date_gmt":"2024-02-19T11:55:19","guid":{"rendered":"https:\/\/dev.codyss.com.br\/novoasp\/?page_id=45"},"modified":"2024-09-06T12:17:12","modified_gmt":"2024-09-06T12:17:12","slug":"cenografia","status":"publish","type":"page","link":"https:\/\/aquariodesp.com.br\/site\/cenografia\/","title":{"rendered":"Cenografia"},"content":{"rendered":"<p>O departamento de cenografia \u00e9 um setor de grande import\u00e2ncia na estrutura do Aqu\u00e1rio de S\u00e3o Paulo. Hoje conta com 3 profissionais que transformam em realidade os mais belos sonhos, com r\u00e9plicas de ambientes da floresta amaz\u00f4nica, dinossauros em tamanho natural, fundo do oceano, navios naufragados e submersos, submarino, esta\u00e7\u00e3o polar, entre outros.<\/p>\n<p>Todos os ambientes cenogr\u00e1ficos de nossos animais tamb\u00e9m foram criados por este departamento seguindo as orienta\u00e7\u00f5es de bi\u00f3logos, veterin\u00e1rios e ocean\u00f3grafos do Aqu\u00e1rio.<\/p>\n<p>A equipe deste departamento tem como l\u00edder um profissional com experi\u00eancia de mais de 20 anos. Um verdadeiro artista, que recebeu o pr\u00eamio de &#8220;1\u00b0 Artista Pl\u00e1stico em Cenografia Aqu\u00e1tica&#8221; do Rank Brasil (Livro dos Recordes Brasileiro), seu nome \u00e9 Lee Oliveira.<\/p>\n","protected":false},"excerpt":{"rendered":"<p>O departamento de cenografia \u00e9 um setor de grande import\u00e2ncia na estrutura do Aqu\u00e1rio de S\u00e3o Paulo. Hoje conta com 3 profissionais que transformam em realidade os mais belos sonhos, com r\u00e9plicas de ambientes da floresta amaz\u00f4nica, dinossauros em tamanho natural, fundo do oceano, navios naufragados e submersos, submarino, esta\u00e7\u00e3o polar, entre outros. Todos os <a href=\"https:\/\/aquariodesp.com.br\/site\/cenografia\/\" class=\"more-link\">&#8230;<span class=\"screen-reader-text\">  Cenografia<\/span><\/a><\/p>\n","protected":false},"author":1,"featured_media":0,"parent":0,"menu_order":0,"comment_status":"closed","ping_status":"closed","template":"page-cenografia.php","meta":{"_acf_changed":false,"footnotes":""},"class_list":["post-45","page","type-page","status-publish","hentry"],"acf":[],"_links":{"self":[{"href":"https:\/\/aquariodesp.com.br\/site\/wp-json\/wp\/v2\/pages\/45","targetHints":{"allow":["GET"]}}],"collection":[{"href":"https:\/\/aquariodesp.com.br\/site\/wp-json\/wp\/v2\/pages"}],"about":[{"href":"https:\/\/aquariodesp.com.br\/site\/wp-json\/wp\/v2\/types\/page"}],"author":[{"embeddable":true,"href":"https:\/\/aquariodesp.com.br\/site\/wp-json\/wp\/v2\/users\/1"}],"replies":[{"embeddable":true,"href":"https:\/\/aquariodesp.com.br\/site\/wp-json\/wp\/v2\/comments?post=45"}],"version-history":[{"count":16,"href":"https:\/\/aquariodesp.com.br\/site\/wp-json\/wp\/v2\/pages\/45\/revisions"}],"predecessor-version":[{"id":1508,"href":"https:\/\/aquariodesp.com.br\/site\/wp-json\/wp\/v2\/pages\/45\/revisions\/1508"}],"wp:attachment":[{"href":"https:\/\/aquariodesp.com.br\/site\/wp-json\/wp\/v2\/media?parent=45"}],"curies":[{"name":"wp","href":"https:\/\/api.w.org\/{rel}","templated":true}]}}