{"id":49,"date":"2024-02-19T11:55:40","date_gmt":"2024-02-19T11:55:40","guid":{"rendered":"https:\/\/dev.codyss.com.br\/novoasp\/?page_id=49"},"modified":"2025-02-03T20:12:32","modified_gmt":"2025-02-03T20:12:32","slug":"equipe-tecnica","status":"publish","type":"page","link":"https:\/\/aquariodesp.com.br\/site\/equipe-tecnica\/","title":{"rendered":"Equipe T\u00e9cnica"},"content":{"rendered":"<p>A equipe t\u00e9cnica do Aqu\u00e1rio de S\u00e3o Paulo \u00e9 composta por bi\u00f3logos, veterin\u00e1rios, ocean\u00f3grafos e gestores ambientais. Essa equipe multidisciplinar est\u00e1 dividida entre as \u00e1reas de manejo animal, educa\u00e7\u00e3o ambiental e departamento veterin\u00e1rio.<br \/>\nNossos profissionais trabalham com muita dedica\u00e7\u00e3o e empenho para garantir os melhores cuidados aos animais sob nossos cuidados e transmitir ao nosso p\u00fablico, a import\u00e2ncia de preservar o meio ambiente.<\/p>\n","protected":false},"excerpt":{"rendered":"<p>A equipe t\u00e9cnica do Aqu\u00e1rio de S\u00e3o Paulo \u00e9 composta por bi\u00f3logos, veterin\u00e1rios, ocean\u00f3grafos e gestores ambientais. Essa equipe multidisciplinar est\u00e1 dividida entre as \u00e1reas de manejo animal, educa\u00e7\u00e3o ambiental e departamento veterin\u00e1rio. Nossos profissionais trabalham com muita dedica\u00e7\u00e3o e empenho para garantir os melhores cuidados aos animais sob nossos cuidados e transmitir ao nosso <a href=\"https:\/\/aquariodesp.com.br\/site\/equipe-tecnica\/\" class=\"more-link\">&#8230;<span class=\"screen-reader-text\">  Equipe T\u00e9cnica<\/span><\/a><\/p>\n","protected":false},"author":1,"featured_media":0,"parent":0,"menu_order":0,"comment_status":"closed","ping_status":"closed","template":"page-equipe.php","meta":{"_acf_changed":false,"footnotes":""},"class_list":["post-49","page","type-page","status-publish","hentry"],"acf":[],"_links":{"self":[{"href":"https:\/\/aquariodesp.com.br\/site\/wp-json\/wp\/v2\/pages\/49","targetHints":{"allow":["GET"]}}],"collection":[{"href":"https:\/\/aquariodesp.com.br\/site\/wp-json\/wp\/v2\/pages"}],"about":[{"href":"https:\/\/aquariodesp.com.br\/site\/wp-json\/wp\/v2\/types\/page"}],"author":[{"embeddable":true,"href":"https:\/\/aquariodesp.com.br\/site\/wp-json\/wp\/v2\/users\/1"}],"replies":[{"embeddable":true,"href":"https:\/\/aquariodesp.com.br\/site\/wp-json\/wp\/v2\/comments?post=49"}],"version-history":[{"count":7,"href":"https:\/\/aquariodesp.com.br\/site\/wp-json\/wp\/v2\/pages\/49\/revisions"}],"predecessor-version":[{"id":1511,"href":"https:\/\/aquariodesp.com.br\/site\/wp-json\/wp\/v2\/pages\/49\/revisions\/1511"}],"wp:attachment":[{"href":"https:\/\/aquariodesp.com.br\/site\/wp-json\/wp\/v2\/media?parent=49"}],"curies":[{"name":"wp","href":"https:\/\/api.w.org\/{rel}","templated":true}]}}