{"id":498,"date":"2024-06-07T18:26:18","date_gmt":"2024-06-07T18:26:18","guid":{"rendered":"https:\/\/dev.codyss.com.br\/novoasp\/?page_id=498"},"modified":"2025-02-04T18:32:58","modified_gmt":"2025-02-04T18:32:58","slug":"peixes-2","status":"publish","type":"page","link":"https:\/\/aquariodesp.com.br\/site\/animais-2\/peixes-2\/","title":{"rendered":"Peixes"},"content":{"rendered":"<p>Com indiv\u00edduos adaptados a praticamente todos os tipos de ambiente aqu\u00e1tico, os peixes constituem um vasto grupo que representa mais da metade que todas as outras esp\u00e9cies de vertebrados juntas, que somam cerca de 60.000 em sua totalidade.\u00a0No geral, 41% das esp\u00e9cies s\u00e3o de \u00e1gua doce, 58% marinhos e 1% movem-se entre \u00e1gua doce e salgada ao longo da vida. Esses n\u00fameros refletem uma grande diversidade de esp\u00e9cies distribu\u00eddas em v\u00e1rios ecossistemas aqu\u00e1ticos, bem como uma longa e complexa hist\u00f3ria evolutiva desses organismos.<\/p>\n<p>Aqui no Aqu\u00e1rio de S\u00e3o Paulo voc\u00ea pode encontrar diversas esp\u00e9cies de peixes, e aprender sobre a import\u00e2ncia de cada uma delas.<\/p>\n<p>&nbsp;<\/p>\n","protected":false},"excerpt":{"rendered":"<p>Com indiv\u00edduos adaptados a praticamente todos os tipos de ambiente aqu\u00e1tico, os peixes constituem um vasto grupo que representa mais da metade que todas as outras esp\u00e9cies de vertebrados juntas, que somam cerca de 60.000 em sua totalidade.\u00a0No geral, 41% das esp\u00e9cies s\u00e3o de \u00e1gua doce, 58% marinhos e 1% movem-se entre \u00e1gua doce e <a href=\"https:\/\/aquariodesp.com.br\/site\/animais-2\/peixes-2\/\" class=\"more-link\">&#8230;<span class=\"screen-reader-text\">  Peixes<\/span><\/a><\/p>\n","protected":false},"author":3,"featured_media":0,"parent":92,"menu_order":0,"comment_status":"closed","ping_status":"closed","template":"page-animal.php","meta":{"_acf_changed":false,"footnotes":""},"class_list":["post-498","page","type-page","status-publish","hentry"],"acf":[],"_links":{"self":[{"href":"https:\/\/aquariodesp.com.br\/site\/wp-json\/wp\/v2\/pages\/498","targetHints":{"allow":["GET"]}}],"collection":[{"href":"https:\/\/aquariodesp.com.br\/site\/wp-json\/wp\/v2\/pages"}],"about":[{"href":"https:\/\/aquariodesp.com.br\/site\/wp-json\/wp\/v2\/types\/page"}],"author":[{"embeddable":true,"href":"https:\/\/aquariodesp.com.br\/site\/wp-json\/wp\/v2\/users\/3"}],"replies":[{"embeddable":true,"href":"https:\/\/aquariodesp.com.br\/site\/wp-json\/wp\/v2\/comments?post=498"}],"version-history":[{"count":7,"href":"https:\/\/aquariodesp.com.br\/site\/wp-json\/wp\/v2\/pages\/498\/revisions"}],"predecessor-version":[{"id":1546,"href":"https:\/\/aquariodesp.com.br\/site\/wp-json\/wp\/v2\/pages\/498\/revisions\/1546"}],"up":[{"embeddable":true,"href":"https:\/\/aquariodesp.com.br\/site\/wp-json\/wp\/v2\/pages\/92"}],"wp:attachment":[{"href":"https:\/\/aquariodesp.com.br\/site\/wp-json\/wp\/v2\/media?parent=498"}],"curies":[{"name":"wp","href":"https:\/\/api.w.org\/{rel}","templated":true}]}}