{"id":500,"date":"2024-06-07T18:29:52","date_gmt":"2024-06-07T18:29:52","guid":{"rendered":"https:\/\/dev.codyss.com.br\/novoasp\/?page_id=500"},"modified":"2025-02-04T18:24:32","modified_gmt":"2025-02-04T18:24:32","slug":"anfibios-2","status":"publish","type":"page","link":"https:\/\/aquariodesp.com.br\/site\/animais-2\/anfibios-2\/","title":{"rendered":"Anf\u00edbios"},"content":{"rendered":"<p>Os anf\u00edbios s\u00e3o os animais popularmente conhecidos como sapos, r\u00e3s, pererecas, salamandras, trit\u00f5es, cobras-cegas e cec\u00edlias.Uma das caracter\u00edsticas mais marcantes dos anf\u00edbios \u00e9 a presen\u00e7a, na grande maioria das esp\u00e9cies, de duas fases de vida bastante distintas: uma fase larval aqu\u00e1tica\u00a0 e outra fase adulta terrestre, ap\u00f3s a metamorfose.<\/p>\n<p>Atualmente, s\u00e3o conhecidas 8727 esp\u00e9cies de anf\u00edbios em todo o mundo e o Brasil \u00e9 o pa\u00eds com o maior n\u00famero de representantes desse grupo, tendo cerca de 1188 esp\u00e9cies com ocorr\u00eancia registrada at\u00e9 o momento.<\/p>\n","protected":false},"excerpt":{"rendered":"<p>Os anf\u00edbios s\u00e3o os animais popularmente conhecidos como sapos, r\u00e3s, pererecas, salamandras, trit\u00f5es, cobras-cegas e cec\u00edlias.Uma das caracter\u00edsticas mais marcantes dos anf\u00edbios \u00e9 a presen\u00e7a, na grande maioria das esp\u00e9cies, de duas fases de vida bastante distintas: uma fase larval aqu\u00e1tica\u00a0 e outra fase adulta terrestre, ap\u00f3s a metamorfose. Atualmente, s\u00e3o conhecidas 8727 esp\u00e9cies de <a href=\"https:\/\/aquariodesp.com.br\/site\/animais-2\/anfibios-2\/\" class=\"more-link\">&#8230;<span class=\"screen-reader-text\">  Anf\u00edbios<\/span><\/a><\/p>\n","protected":false},"author":3,"featured_media":0,"parent":92,"menu_order":0,"comment_status":"closed","ping_status":"closed","template":"page-animal.php","meta":{"_acf_changed":false,"footnotes":""},"class_list":["post-500","page","type-page","status-publish","hentry"],"acf":[],"_links":{"self":[{"href":"https:\/\/aquariodesp.com.br\/site\/wp-json\/wp\/v2\/pages\/500","targetHints":{"allow":["GET"]}}],"collection":[{"href":"https:\/\/aquariodesp.com.br\/site\/wp-json\/wp\/v2\/pages"}],"about":[{"href":"https:\/\/aquariodesp.com.br\/site\/wp-json\/wp\/v2\/types\/page"}],"author":[{"embeddable":true,"href":"https:\/\/aquariodesp.com.br\/site\/wp-json\/wp\/v2\/users\/3"}],"replies":[{"embeddable":true,"href":"https:\/\/aquariodesp.com.br\/site\/wp-json\/wp\/v2\/comments?post=500"}],"version-history":[{"count":6,"href":"https:\/\/aquariodesp.com.br\/site\/wp-json\/wp\/v2\/pages\/500\/revisions"}],"predecessor-version":[{"id":1551,"href":"https:\/\/aquariodesp.com.br\/site\/wp-json\/wp\/v2\/pages\/500\/revisions\/1551"}],"up":[{"embeddable":true,"href":"https:\/\/aquariodesp.com.br\/site\/wp-json\/wp\/v2\/pages\/92"}],"wp:attachment":[{"href":"https:\/\/aquariodesp.com.br\/site\/wp-json\/wp\/v2\/media?parent=500"}],"curies":[{"name":"wp","href":"https:\/\/api.w.org\/{rel}","templated":true}]}}