{"id":502,"date":"2024-06-07T18:40:26","date_gmt":"2024-06-07T18:40:26","guid":{"rendered":"https:\/\/dev.codyss.com.br\/novoasp\/?page_id=502"},"modified":"2025-02-04T18:27:10","modified_gmt":"2025-02-04T18:27:10","slug":"aves-2","status":"publish","type":"page","link":"https:\/\/aquariodesp.com.br\/site\/animais-2\/aves-2\/","title":{"rendered":"Aves"},"content":{"rendered":"<p>Os\u00a0pinguins\u00a0s\u00e3o aves com corpo hidrodin\u00e2mico e adaptadas \u00e0 nata\u00e7\u00e3o. Atualmente, s\u00e3o descritas 18 esp\u00e9cies, distribu\u00eddas do continente Ant\u00e1rtico at\u00e9 as ilhas Gal\u00e1pagos. As esp\u00e9cies variam muito em tamanho, existindo algumas que atingem mais de 1 metro. A grande maioria das esp\u00e9cies apresenta as costas e a cabe\u00e7a pretas e o peito branco.<\/p>\n","protected":false},"excerpt":{"rendered":"<p>Os\u00a0pinguins\u00a0s\u00e3o aves com corpo hidrodin\u00e2mico e adaptadas \u00e0 nata\u00e7\u00e3o. Atualmente, s\u00e3o descritas 18 esp\u00e9cies, distribu\u00eddas do continente Ant\u00e1rtico at\u00e9 as ilhas Gal\u00e1pagos. As esp\u00e9cies variam muito em tamanho, existindo algumas que atingem mais de 1 metro. A grande maioria das esp\u00e9cies apresenta as costas e a cabe\u00e7a pretas e o peito branco.<\/p>\n","protected":false},"author":3,"featured_media":0,"parent":92,"menu_order":0,"comment_status":"closed","ping_status":"closed","template":"page-animal.php","meta":{"_acf_changed":false,"footnotes":""},"class_list":["post-502","page","type-page","status-publish","hentry"],"acf":[],"_links":{"self":[{"href":"https:\/\/aquariodesp.com.br\/site\/wp-json\/wp\/v2\/pages\/502","targetHints":{"allow":["GET"]}}],"collection":[{"href":"https:\/\/aquariodesp.com.br\/site\/wp-json\/wp\/v2\/pages"}],"about":[{"href":"https:\/\/aquariodesp.com.br\/site\/wp-json\/wp\/v2\/types\/page"}],"author":[{"embeddable":true,"href":"https:\/\/aquariodesp.com.br\/site\/wp-json\/wp\/v2\/users\/3"}],"replies":[{"embeddable":true,"href":"https:\/\/aquariodesp.com.br\/site\/wp-json\/wp\/v2\/comments?post=502"}],"version-history":[{"count":7,"href":"https:\/\/aquariodesp.com.br\/site\/wp-json\/wp\/v2\/pages\/502\/revisions"}],"predecessor-version":[{"id":1554,"href":"https:\/\/aquariodesp.com.br\/site\/wp-json\/wp\/v2\/pages\/502\/revisions\/1554"}],"up":[{"embeddable":true,"href":"https:\/\/aquariodesp.com.br\/site\/wp-json\/wp\/v2\/pages\/92"}],"wp:attachment":[{"href":"https:\/\/aquariodesp.com.br\/site\/wp-json\/wp\/v2\/media?parent=502"}],"curies":[{"name":"wp","href":"https:\/\/api.w.org\/{rel}","templated":true}]}}