{"id":504,"date":"2024-06-07T18:41:10","date_gmt":"2024-06-07T18:41:10","guid":{"rendered":"https:\/\/dev.codyss.com.br\/novoasp\/?page_id=504"},"modified":"2025-02-04T18:28:40","modified_gmt":"2025-02-04T18:28:40","slug":"invertebrados","status":"publish","type":"page","link":"https:\/\/aquariodesp.com.br\/site\/animais-2\/invertebrados\/","title":{"rendered":"Invertebrados"},"content":{"rendered":"<p>Os\u00a0animais invertebrados pertencem ao Reino Animal e s\u00e3o caracterizados pela aus\u00eancia de coluna vertebral e cr\u00e2nio. Fazem parte desse grupo as borboletas, as formigas, os vermes, as minhocas, os ouri\u00e7os do mar, as esponjas, entre outros animais.<\/p>\n<p>Os invertebrados representam aproximadamente 94% dos animais e s\u00e3o divididos em v\u00e1rios filos, entres eles:\u00a0<b>por\u00edferos<\/b>,\u00a0<b>cnid\u00e1rios<\/b>,\u00a0<b>platelmintos<\/b>,\u00a0<b>nematelmintos<\/b>,\u00a0<b>moluscos<\/b>,\u00a0<b>anel\u00eddeos<\/b>,\u00a0<b>equinodermos<\/b>\u00a0e\u00a0<b>artr\u00f3podes<\/b>.<\/p>\n","protected":false},"excerpt":{"rendered":"<p>Os\u00a0animais invertebrados pertencem ao Reino Animal e s\u00e3o caracterizados pela aus\u00eancia de coluna vertebral e cr\u00e2nio. Fazem parte desse grupo as borboletas, as formigas, os vermes, as minhocas, os ouri\u00e7os do mar, as esponjas, entre outros animais. Os invertebrados representam aproximadamente 94% dos animais e s\u00e3o divididos em v\u00e1rios filos, entres eles:\u00a0por\u00edferos,\u00a0cnid\u00e1rios,\u00a0platelmintos,\u00a0nematelmintos,\u00a0moluscos,\u00a0anel\u00eddeos,\u00a0equinodermos\u00a0e\u00a0artr\u00f3podes.<\/p>\n","protected":false},"author":3,"featured_media":0,"parent":92,"menu_order":0,"comment_status":"closed","ping_status":"closed","template":"page-animal.php","meta":{"_acf_changed":false,"footnotes":""},"class_list":["post-504","page","type-page","status-publish","hentry"],"acf":[],"_links":{"self":[{"href":"https:\/\/aquariodesp.com.br\/site\/wp-json\/wp\/v2\/pages\/504","targetHints":{"allow":["GET"]}}],"collection":[{"href":"https:\/\/aquariodesp.com.br\/site\/wp-json\/wp\/v2\/pages"}],"about":[{"href":"https:\/\/aquariodesp.com.br\/site\/wp-json\/wp\/v2\/types\/page"}],"author":[{"embeddable":true,"href":"https:\/\/aquariodesp.com.br\/site\/wp-json\/wp\/v2\/users\/3"}],"replies":[{"embeddable":true,"href":"https:\/\/aquariodesp.com.br\/site\/wp-json\/wp\/v2\/comments?post=504"}],"version-history":[{"count":7,"href":"https:\/\/aquariodesp.com.br\/site\/wp-json\/wp\/v2\/pages\/504\/revisions"}],"predecessor-version":[{"id":1557,"href":"https:\/\/aquariodesp.com.br\/site\/wp-json\/wp\/v2\/pages\/504\/revisions\/1557"}],"up":[{"embeddable":true,"href":"https:\/\/aquariodesp.com.br\/site\/wp-json\/wp\/v2\/pages\/92"}],"wp:attachment":[{"href":"https:\/\/aquariodesp.com.br\/site\/wp-json\/wp\/v2\/media?parent=504"}],"curies":[{"name":"wp","href":"https:\/\/api.w.org\/{rel}","templated":true}]}}