{"id":71,"date":"2024-02-19T12:23:48","date_gmt":"2024-02-19T12:23:48","guid":{"rendered":"https:\/\/dev.codyss.com.br\/novoasp\/?page_id=71"},"modified":"2025-07-24T16:17:38","modified_gmt":"2025-07-24T16:17:38","slug":"pesquisa","status":"publish","type":"page","link":"https:\/\/aquariodesp.com.br\/site\/pesquisa\/","title":{"rendered":"Pesquisa"},"content":{"rendered":"<p>O Setor de Pesquisa do Aqu\u00e1rio de S\u00e3o Paulo incentiva o desenvolvimento t\u00e9cnico-cient\u00edfico de estudantes e pesquisadores nas \u00e1reas de manejo, sa\u00fade e bem-estar animal. Dessa forma, o Aqu\u00e1rio realiza diversas parcerias de pesquisa, bem como abre suas portas para trabalhos de estudantes, desde que atendam a nossa Pol\u00edtica Institucional de Pesquisa <a href=\"\/site\/wp-content\/uploads\/2025\/07\/Politica-de-Pesquisa-e-Publicacao-Cientifica-ExpoAqua.pdf\" target=\"_blank\" rel=\"noopener\">[link para acesso]<\/a>. A coleta de dados institucionais, seja ela atrav\u00e9s de simples observa\u00e7\u00e3o, seja ela atrav\u00e9s de entrevista e question\u00e1rio, s\u00f3 poder\u00e1 ser realizada ap\u00f3s avalia\u00e7\u00e3o e aprova\u00e7\u00e3o por parte do Comit\u00ea de Pesquisas do Aqu\u00e1rio de S\u00e3o Paulo. Caso voc\u00ea tenha interesse em desenvolver um trabalho em parceria com o Aqu\u00e1rio de S\u00e3o Paulo, leia tamb\u00e9m as nossas diretrizes de pesquisa [link para acesso] e envie sua solicita\u00e7\u00e3o ao nosso Departamento. Mais informa\u00e7\u00f5es pelo e-mail: <a target=\"_new\" rel=\"noopener\">pesquisa@aquariodesaopaulo.com.br<\/a><\/p>\n<h3>Pol\u00edtica de Pesquisa<\/h3>\n<p>O Animalia Park e o Aqu\u00e1rio de S\u00e3o Paulo compartilham um departamento dedicado \u00e0 produ\u00e7\u00e3o e divulga\u00e7\u00e3o cient\u00edfica. Com rigor t\u00e9cnico, \u00e9tica e foco no bem-estar animal, o grupo ExpoAqua apoia pesquisas que contribuem para a conserva\u00e7\u00e3o da fauna e o avan\u00e7o do conhecimento ambiental, fortalecendo seu papel como refer\u00eancia em inova\u00e7\u00e3o e manejo respons\u00e1vel.<\/p>\n<p><a href=\"\/site\/wp-content\/uploads\/2025\/07\/Politica-de-Pesquisa-e-Publicacao-Cientifica-ExpoAqua.pdf\" target=\"_blank\" rel=\"noopener\">[Saiba como fazer pesquisa conosco]<\/a><\/p>\n<div id=\"titartassunto\">\n<h3>PESQUISAS DA EQUIPE T\u00c9CNICA<\/h3>\n<\/div>\n<div id=\"part\">\n<p>A equipe do Aqu\u00e1rio de S\u00e3o Paulo \u00e9 refer\u00eancia na \u00e1rea de tratamento e bem-estar de animais silvestres e aqu\u00e1ticos. A larga experi\u00eancia e viv\u00eancia dos profissionais de veterin\u00e1ria, biologia, educa\u00e7\u00e3o ambiental ou oceanografia gera conhecimentos cient\u00edficos muito importantes. Aqui, voc\u00ea encontra artigos cient\u00edficos gerados pela nossa equipe. Caso tenha interesse em alguma dessas publica\u00e7\u00f5es, envie um e-mail de solicita\u00e7\u00e3o para: <a href=\"mailto:pesquisa@aquariodesaopaulo.com.br\">pesquisa@aquariodesaopaulo.com.br<\/a><\/p>\n<\/div>\n<p>&nbsp;<\/p>\n","protected":false},"excerpt":{"rendered":"<p>O Setor de Pesquisa do Aqu\u00e1rio de S\u00e3o Paulo incentiva o desenvolvimento t\u00e9cnico-cient\u00edfico de estudantes e pesquisadores nas \u00e1reas de manejo, sa\u00fade e bem-estar animal. Dessa forma, o Aqu\u00e1rio realiza diversas parcerias de pesquisa, bem como abre suas portas para trabalhos de estudantes, desde que atendam a nossa Pol\u00edtica Institucional de Pesquisa [link para acesso]. <a href=\"https:\/\/aquariodesp.com.br\/site\/pesquisa\/\" class=\"more-link\">&#8230;<span class=\"screen-reader-text\">  Pesquisa<\/span><\/a><\/p>\n","protected":false},"author":1,"featured_media":0,"parent":0,"menu_order":0,"comment_status":"closed","ping_status":"closed","template":"page-pesquisa.php","meta":{"_acf_changed":false,"footnotes":""},"class_list":["post-71","page","type-page","status-publish","hentry"],"acf":[],"_links":{"self":[{"href":"https:\/\/aquariodesp.com.br\/site\/wp-json\/wp\/v2\/pages\/71","targetHints":{"allow":["GET"]}}],"collection":[{"href":"https:\/\/aquariodesp.com.br\/site\/wp-json\/wp\/v2\/pages"}],"about":[{"href":"https:\/\/aquariodesp.com.br\/site\/wp-json\/wp\/v2\/types\/page"}],"author":[{"embeddable":true,"href":"https:\/\/aquariodesp.com.br\/site\/wp-json\/wp\/v2\/users\/1"}],"replies":[{"embeddable":true,"href":"https:\/\/aquariodesp.com.br\/site\/wp-json\/wp\/v2\/comments?post=71"}],"version-history":[{"count":37,"href":"https:\/\/aquariodesp.com.br\/site\/wp-json\/wp\/v2\/pages\/71\/revisions"}],"predecessor-version":[{"id":3273,"href":"https:\/\/aquariodesp.com.br\/site\/wp-json\/wp\/v2\/pages\/71\/revisions\/3273"}],"wp:attachment":[{"href":"https:\/\/aquariodesp.com.br\/site\/wp-json\/wp\/v2\/media?parent=71"}],"curies":[{"name":"wp","href":"https:\/\/api.w.org\/{rel}","templated":true}]}}