{"id":80,"date":"2024-02-19T12:26:39","date_gmt":"2024-02-19T12:26:39","guid":{"rendered":"https:\/\/dev.codyss.com.br\/novoasp\/?page_id=80"},"modified":"2025-02-04T13:05:03","modified_gmt":"2025-02-04T13:05:03","slug":"escolas-atendidas","status":"publish","type":"page","link":"https:\/\/aquariodesp.com.br\/site\/escolas-atendidas\/","title":{"rendered":"Escolas Atendidas"},"content":{"rendered":"<div class=\"row\">\n<div class=\"col-md-12\">\n<div class=\"entry-content\">\n<p>Conhe\u00e7a aqui os grandes parceiros e colaboradores, que fazem do Aqu\u00e1rio de S\u00e3o Paulo uma refer\u00eancia em forma\u00e7\u00e3o de profissionais e cuidado com os animais.<\/p>\n<\/div>\n<\/div>\n<\/div>\n","protected":false},"excerpt":{"rendered":"<p>Conhe\u00e7a aqui os grandes parceiros e colaboradores, que fazem do Aqu\u00e1rio de S\u00e3o Paulo uma refer\u00eancia em forma\u00e7\u00e3o de profissionais e cuidado com os animais.<\/p>\n","protected":false},"author":1,"featured_media":0,"parent":0,"menu_order":0,"comment_status":"closed","ping_status":"closed","template":"page-escolas-atentidas.php","meta":{"_acf_changed":false,"footnotes":""},"class_list":["post-80","page","type-page","status-publish","hentry"],"acf":[],"_links":{"self":[{"href":"https:\/\/aquariodesp.com.br\/site\/wp-json\/wp\/v2\/pages\/80","targetHints":{"allow":["GET"]}}],"collection":[{"href":"https:\/\/aquariodesp.com.br\/site\/wp-json\/wp\/v2\/pages"}],"about":[{"href":"https:\/\/aquariodesp.com.br\/site\/wp-json\/wp\/v2\/types\/page"}],"author":[{"embeddable":true,"href":"https:\/\/aquariodesp.com.br\/site\/wp-json\/wp\/v2\/users\/1"}],"replies":[{"embeddable":true,"href":"https:\/\/aquariodesp.com.br\/site\/wp-json\/wp\/v2\/comments?post=80"}],"version-history":[{"count":20,"href":"https:\/\/aquariodesp.com.br\/site\/wp-json\/wp\/v2\/pages\/80\/revisions"}],"predecessor-version":[{"id":2889,"href":"https:\/\/aquariodesp.com.br\/site\/wp-json\/wp\/v2\/pages\/80\/revisions\/2889"}],"wp:attachment":[{"href":"https:\/\/aquariodesp.com.br\/site\/wp-json\/wp\/v2\/media?parent=80"}],"curies":[{"name":"wp","href":"https:\/\/api.w.org\/{rel}","templated":true}]}}