{"id":82,"date":"2024-02-19T12:26:46","date_gmt":"2024-02-19T12:26:46","guid":{"rendered":"https:\/\/dev.codyss.com.br\/novoasp\/?page_id=82"},"modified":"2025-05-06T16:47:37","modified_gmt":"2025-05-06T16:47:37","slug":"material-didatico","status":"publish","type":"page","link":"https:\/\/aquariodesp.com.br\/site\/material-didatico\/","title":{"rendered":"Material Did\u00e1tico"},"content":{"rendered":"<p>Confira nosso material did\u00e1tico desenvolvido para a conscientiza\u00e7\u00e3o ambiental baseado nos setores do Aqu\u00e1rio de S\u00e3o Paulo. Caso haja interesse, voc\u00ea pode baix\u00e1-los gratuitamente para ler em sua casa ou utilizar em sua sala de aula. Esperamos que goste!<\/p>\n","protected":false},"excerpt":{"rendered":"<p>Confira nosso material did\u00e1tico desenvolvido para a conscientiza\u00e7\u00e3o ambiental baseado nos setores do Aqu\u00e1rio de S\u00e3o Paulo. Caso haja interesse, voc\u00ea pode baix\u00e1-los gratuitamente para ler em sua casa ou utilizar em sua sala de aula. Esperamos que goste!<\/p>\n","protected":false},"author":1,"featured_media":0,"parent":0,"menu_order":0,"comment_status":"closed","ping_status":"closed","template":"page-material-didatico.php","meta":{"_acf_changed":false,"footnotes":""},"class_list":["post-82","page","type-page","status-publish","hentry"],"acf":[],"_links":{"self":[{"href":"https:\/\/aquariodesp.com.br\/site\/wp-json\/wp\/v2\/pages\/82","targetHints":{"allow":["GET"]}}],"collection":[{"href":"https:\/\/aquariodesp.com.br\/site\/wp-json\/wp\/v2\/pages"}],"about":[{"href":"https:\/\/aquariodesp.com.br\/site\/wp-json\/wp\/v2\/types\/page"}],"author":[{"embeddable":true,"href":"https:\/\/aquariodesp.com.br\/site\/wp-json\/wp\/v2\/users\/1"}],"replies":[{"embeddable":true,"href":"https:\/\/aquariodesp.com.br\/site\/wp-json\/wp\/v2\/comments?post=82"}],"version-history":[{"count":12,"href":"https:\/\/aquariodesp.com.br\/site\/wp-json\/wp\/v2\/pages\/82\/revisions"}],"predecessor-version":[{"id":3185,"href":"https:\/\/aquariodesp.com.br\/site\/wp-json\/wp\/v2\/pages\/82\/revisions\/3185"}],"wp:attachment":[{"href":"https:\/\/aquariodesp.com.br\/site\/wp-json\/wp\/v2\/media?parent=82"}],"curies":[{"name":"wp","href":"https:\/\/api.w.org\/{rel}","templated":true}]}}