{"id":88,"date":"2024-02-19T12:28:26","date_gmt":"2024-02-19T12:28:26","guid":{"rendered":"https:\/\/dev.codyss.com.br\/novoasp\/?page_id=88"},"modified":"2025-04-04T19:30:00","modified_gmt":"2025-04-04T19:30:00","slug":"empresa","status":"publish","type":"page","link":"https:\/\/aquariodesp.com.br\/site\/empresa\/","title":{"rendered":"Passeios para empresas e excurs\u00f5es"},"content":{"rendered":"<p>O Aqu\u00e1rio de S\u00e3o Paulo oferece op\u00e7\u00f5es personalizadas para atender empresas ou grupos de excurs\u00f5es e turismo que desejam se divertir e aprender em nossa institui\u00e7\u00e3o. Sempre oferecendo condi\u00e7\u00f5es especiais para empresas de todos os portes e grupos dos mais variados tipos e tamanhos.<\/p>\n<p>Para entrar em contato com nosso departamento de passeios, ligue (11) 2273-5500 &#8211; Op\u00e7\u00e3o 4. Ou preencha o formul\u00e1rio de contato abaixo que o departamento entrar\u00e1 em contato com voc\u00ea!<\/p>\n","protected":false},"excerpt":{"rendered":"<p>O Aqu\u00e1rio de S\u00e3o Paulo oferece op\u00e7\u00f5es personalizadas para atender empresas ou grupos de excurs\u00f5es e turismo que desejam se divertir e aprender em nossa institui\u00e7\u00e3o. Sempre oferecendo condi\u00e7\u00f5es especiais para empresas de todos os portes e grupos dos mais variados tipos e tamanhos. Para entrar em contato com nosso departamento de passeios, ligue (11) <a href=\"https:\/\/aquariodesp.com.br\/site\/empresa\/\" class=\"more-link\">&#8230;<span class=\"screen-reader-text\">  Passeios para empresas e excurs\u00f5es<\/span><\/a><\/p>\n","protected":false},"author":1,"featured_media":0,"parent":0,"menu_order":0,"comment_status":"closed","ping_status":"closed","template":"page-empresa.php","meta":{"_acf_changed":false,"footnotes":""},"class_list":["post-88","page","type-page","status-publish","hentry"],"acf":[],"_links":{"self":[{"href":"https:\/\/aquariodesp.com.br\/site\/wp-json\/wp\/v2\/pages\/88","targetHints":{"allow":["GET"]}}],"collection":[{"href":"https:\/\/aquariodesp.com.br\/site\/wp-json\/wp\/v2\/pages"}],"about":[{"href":"https:\/\/aquariodesp.com.br\/site\/wp-json\/wp\/v2\/types\/page"}],"author":[{"embeddable":true,"href":"https:\/\/aquariodesp.com.br\/site\/wp-json\/wp\/v2\/users\/1"}],"replies":[{"embeddable":true,"href":"https:\/\/aquariodesp.com.br\/site\/wp-json\/wp\/v2\/comments?post=88"}],"version-history":[{"count":10,"href":"https:\/\/aquariodesp.com.br\/site\/wp-json\/wp\/v2\/pages\/88\/revisions"}],"predecessor-version":[{"id":3173,"href":"https:\/\/aquariodesp.com.br\/site\/wp-json\/wp\/v2\/pages\/88\/revisions\/3173"}],"wp:attachment":[{"href":"https:\/\/aquariodesp.com.br\/site\/wp-json\/wp\/v2\/media?parent=88"}],"curies":[{"name":"wp","href":"https:\/\/api.w.org\/{rel}","templated":true}]}}