{"id":90,"date":"2024-02-19T12:30:15","date_gmt":"2024-02-19T12:30:15","guid":{"rendered":"https:\/\/dev.codyss.com.br\/novoasp\/?page_id=90"},"modified":"2025-06-30T19:50:58","modified_gmt":"2025-06-30T19:50:58","slug":"atracoes-tematicas","status":"publish","type":"page","link":"https:\/\/aquariodesp.com.br\/site\/atracoes-tematicas\/","title":{"rendered":"Atra\u00e7\u00f5es Tem\u00e1ticas"},"content":{"rendered":"<p>O Aqu\u00e1rio de S\u00e3o Paulo, foi o primeiro, e at\u00e9 hoje, o \u00fanico aqu\u00e1rio totalmente tematizado de toda a Am\u00e9rica Latina. Apresenta diversos setores que remetem os visitantes a um mundo de encanto e fantasia. Confira as atra\u00e7\u00f5es:<\/p>\n","protected":false},"excerpt":{"rendered":"<p>O Aqu\u00e1rio de S\u00e3o Paulo, foi o primeiro, e at\u00e9 hoje, o \u00fanico aqu\u00e1rio totalmente tematizado de toda a Am\u00e9rica Latina. Apresenta diversos setores que remetem os visitantes a um mundo de encanto e fantasia. Confira as atra\u00e7\u00f5es:<\/p>\n","protected":false},"author":1,"featured_media":0,"parent":0,"menu_order":0,"comment_status":"closed","ping_status":"closed","template":"page-atracoes-tematicas.php","meta":{"_acf_changed":false,"footnotes":""},"class_list":["post-90","page","type-page","status-publish","hentry"],"acf":[],"_links":{"self":[{"href":"https:\/\/aquariodesp.com.br\/site\/wp-json\/wp\/v2\/pages\/90","targetHints":{"allow":["GET"]}}],"collection":[{"href":"https:\/\/aquariodesp.com.br\/site\/wp-json\/wp\/v2\/pages"}],"about":[{"href":"https:\/\/aquariodesp.com.br\/site\/wp-json\/wp\/v2\/types\/page"}],"author":[{"embeddable":true,"href":"https:\/\/aquariodesp.com.br\/site\/wp-json\/wp\/v2\/users\/1"}],"replies":[{"embeddable":true,"href":"https:\/\/aquariodesp.com.br\/site\/wp-json\/wp\/v2\/comments?post=90"}],"version-history":[{"count":28,"href":"https:\/\/aquariodesp.com.br\/site\/wp-json\/wp\/v2\/pages\/90\/revisions"}],"predecessor-version":[{"id":3548,"href":"https:\/\/aquariodesp.com.br\/site\/wp-json\/wp\/v2\/pages\/90\/revisions\/3548"}],"wp:attachment":[{"href":"https:\/\/aquariodesp.com.br\/site\/wp-json\/wp\/v2\/media?parent=90"}],"curies":[{"name":"wp","href":"https:\/\/api.w.org\/{rel}","templated":true}]}}