{"id":96,"date":"2024-02-19T12:30:37","date_gmt":"2024-02-19T12:30:37","guid":{"rendered":"https:\/\/dev.codyss.com.br\/novoasp\/?page_id=96"},"modified":"2024-09-06T12:31:15","modified_gmt":"2024-09-06T12:31:15","slug":"seguranca","status":"publish","type":"page","link":"https:\/\/aquariodesp.com.br\/site\/seguranca\/","title":{"rendered":"Seguran\u00e7a do Aqu\u00e1rio de S\u00e3o Paulo"},"content":{"rendered":"<p>O Aqu\u00e1rio de S\u00e3o Paulo est\u00e1 adequado aos mais exigentes padr\u00f5es de seguran\u00e7a para que voc\u00ea e sua fam\u00edlia desfrutem de nossas atra\u00e7\u00f5es tranquilos.<br \/>\n\u2022 Em cumprimento a lei estadual n\u00famero 13.541, fica proibido fumar nas depend\u00eancias do Aqu\u00e1rio de S\u00e3o Paulo.<br \/>\n\u2022 Fotografias est\u00e3o autorizadas somente sem flash.<br \/>\n\u2022 Para eventuais casos de falta energia el\u00e9trica os geradores s\u00e3o ativados automaticamente.<br \/>\n\u2022 Em caso de emerg\u00eancia, existem portas de sa\u00eddas destravadas e em locais de f\u00e1cil acesso devidamente identificados.<br \/>\nAs sa\u00eddas est\u00e3o localizadas nas seguintes \u00e1reas:<\/p>\n<p>Nossos colaboradores s\u00e3o treinados pela brigada de inc\u00eandio e preparados para orient\u00e1-los. Extintores de inc\u00eandio e hidrantes est\u00e3o estrategicamente localizados. O Aqu\u00e1rio de S\u00e3o Paulo pensa na sua seguran\u00e7a para que voc\u00ea pense somente em divertir-se.<\/p>\n","protected":false},"excerpt":{"rendered":"<p>O Aqu\u00e1rio de S\u00e3o Paulo est\u00e1 adequado aos mais exigentes padr\u00f5es de seguran\u00e7a para que voc\u00ea e sua fam\u00edlia desfrutem de nossas atra\u00e7\u00f5es tranquilos. \u2022 Em cumprimento a lei estadual n\u00famero 13.541, fica proibido fumar nas depend\u00eancias do Aqu\u00e1rio de S\u00e3o Paulo. \u2022 Fotografias est\u00e3o autorizadas somente sem flash. \u2022 Para eventuais casos de falta <a href=\"https:\/\/aquariodesp.com.br\/site\/seguranca\/\" class=\"more-link\">&#8230;<span class=\"screen-reader-text\">  Seguran\u00e7a do Aqu\u00e1rio de S\u00e3o Paulo<\/span><\/a><\/p>\n","protected":false},"author":1,"featured_media":0,"parent":0,"menu_order":0,"comment_status":"closed","ping_status":"closed","template":"page-seguranca.php","meta":{"_acf_changed":false,"footnotes":""},"class_list":["post-96","page","type-page","status-publish","hentry"],"acf":[],"_links":{"self":[{"href":"https:\/\/aquariodesp.com.br\/site\/wp-json\/wp\/v2\/pages\/96","targetHints":{"allow":["GET"]}}],"collection":[{"href":"https:\/\/aquariodesp.com.br\/site\/wp-json\/wp\/v2\/pages"}],"about":[{"href":"https:\/\/aquariodesp.com.br\/site\/wp-json\/wp\/v2\/types\/page"}],"author":[{"embeddable":true,"href":"https:\/\/aquariodesp.com.br\/site\/wp-json\/wp\/v2\/users\/1"}],"replies":[{"embeddable":true,"href":"https:\/\/aquariodesp.com.br\/site\/wp-json\/wp\/v2\/comments?post=96"}],"version-history":[{"count":13,"href":"https:\/\/aquariodesp.com.br\/site\/wp-json\/wp\/v2\/pages\/96\/revisions"}],"predecessor-version":[{"id":1540,"href":"https:\/\/aquariodesp.com.br\/site\/wp-json\/wp\/v2\/pages\/96\/revisions\/1540"}],"wp:attachment":[{"href":"https:\/\/aquariodesp.com.br\/site\/wp-json\/wp\/v2\/media?parent=96"}],"curies":[{"name":"wp","href":"https:\/\/api.w.org\/{rel}","templated":true}]}}